{"id":315,"date":"2018-09-04T18:55:45","date_gmt":"2018-09-04T18:55:45","guid":{"rendered":"http:\/\/aldoconsultor.com\/?page_id=315"},"modified":"2025-01-22T14:43:13","modified_gmt":"2025-01-22T14:43:13","slug":"adentar","status":"publish","type":"page","link":"https:\/\/aldoconsultor.com\/index.php\/adentar\/","title":{"rendered":"Adentar"},"content":{"rendered":"\n<p class=\"has-text-align-center has-cyan-bluish-gray-color has-text-color has-link-color has-medium-font-size wp-elements-64554830bd32f0b05a8f2d77a3814968\" style=\"line-height:1.4\"><strong>Dise\u00f1o de marca gr\u00e1fica para cl\u00ednica odontol\u00f3gica.<\/strong> <br>Idea de nombre, elementos visuales y dise\u00f1o de piezas gr\u00e1ficas de comunicaci\u00f3n.<\/p>\n\n\n\n<div class=\"wp-block-jetpack-tiled-gallery aligncenter is-style-columns\"><div class=\"\"><div class=\"tiled-gallery__gallery\"><div class=\"tiled-gallery__row\"><div class=\"tiled-gallery__col\" style=\"flex-basis:70.79227%\"><figure class=\"tiled-gallery__item\"><img decoding=\"async\" srcset=\"https:\/\/i0.wp.com\/aldoconsultor.com\/wp-content\/uploads\/2018\/09\/adentar_0-01-1024x491.jpg?strip=info&#038;w=600 600w,https:\/\/i0.wp.com\/aldoconsultor.com\/wp-content\/uploads\/2018\/09\/adentar_0-01-1024x491.jpg?strip=info&#038;w=900 900w,https:\/\/i0.wp.com\/aldoconsultor.com\/wp-content\/uploads\/2018\/09\/adentar_0-01-1024x491.jpg?strip=info&#038;w=1200 1200w,https:\/\/i0.wp.com\/aldoconsultor.com\/wp-content\/uploads\/2018\/09\/adentar_0-01-1024x491.jpg?strip=info&#038;w=1500 1500w,https:\/\/i0.wp.com\/aldoconsultor.com\/wp-content\/uploads\/2018\/09\/adentar_0-01-1024x491.jpg?strip=info&#038;w=1586 1586w\" alt=\"\" data-height=\"760\" data-id=\"318\" data-link=\"https:\/\/aldoconsultor.com\/index.php\/adentar\/adentar_0-01\/\" data-url=\"http:\/\/aldoconsultor.com\/wp-content\/uploads\/2018\/09\/adentar_0-01-1024x491.jpg\" data-width=\"1586\" src=\"https:\/\/i0.wp.com\/aldoconsultor.com\/wp-content\/uploads\/2018\/09\/adentar_0-01-1024x491.jpg\" data-amp-layout=\"responsive\" tabindex=\"0\" role=\"button\" aria-label=\"Abrir la imagen 1 de 15 en pantalla completa\"\/><\/figure><figure class=\"tiled-gallery__item\"><img decoding=\"async\" srcset=\"https:\/\/i0.wp.com\/aldoconsultor.com\/wp-content\/uploads\/2025\/01\/Adentar_gama_cromatica_Mesa-de-trabajo-1-1024x614.jpg?strip=info&#038;w=600 600w,https:\/\/i0.wp.com\/aldoconsultor.com\/wp-content\/uploads\/2025\/01\/Adentar_gama_cromatica_Mesa-de-trabajo-1-1024x614.jpg?strip=info&#038;w=900 900w,https:\/\/i0.wp.com\/aldoconsultor.com\/wp-content\/uploads\/2025\/01\/Adentar_gama_cromatica_Mesa-de-trabajo-1-1024x614.jpg?strip=info&#038;w=1200 1200w,https:\/\/i0.wp.com\/aldoconsultor.com\/wp-content\/uploads\/2025\/01\/Adentar_gama_cromatica_Mesa-de-trabajo-1-1024x614.jpg?strip=info&#038;w=1500 1500w,https:\/\/i0.wp.com\/aldoconsultor.com\/wp-content\/uploads\/2025\/01\/Adentar_gama_cromatica_Mesa-de-trabajo-1-1024x614.jpg?strip=info&#038;w=1800 1800w,https:\/\/i0.wp.com\/aldoconsultor.com\/wp-content\/uploads\/2025\/01\/Adentar_gama_cromatica_Mesa-de-trabajo-1-1024x614.jpg?strip=info&#038;w=2000 2000w\" alt=\"\" data-height=\"1536\" data-id=\"3586\" data-link=\"https:\/\/aldoconsultor.com\/index.php\/adentar\/adentar_gama_cromatica_mesa-de-trabajo-1\/\" data-url=\"http:\/\/aldoconsultor.com\/wp-content\/uploads\/2025\/01\/Adentar_gama_cromatica_Mesa-de-trabajo-1-1024x614.jpg\" data-width=\"2560\" src=\"https:\/\/i0.wp.com\/aldoconsultor.com\/wp-content\/uploads\/2025\/01\/Adentar_gama_cromatica_Mesa-de-trabajo-1-1024x614.jpg\" data-amp-layout=\"responsive\" tabindex=\"0\" role=\"button\" aria-label=\"Abrir la imagen 2 de 15 en pantalla completa\"\/><\/figure><figure class=\"tiled-gallery__item\"><img decoding=\"async\" srcset=\"https:\/\/i0.wp.com\/aldoconsultor.com\/wp-content\/uploads\/2018\/08\/adentar_03-1024x645.png?strip=info&#038;w=600 600w,https:\/\/i0.wp.com\/aldoconsultor.com\/wp-content\/uploads\/2018\/08\/adentar_03-1024x645.png?strip=info&#038;w=900 900w,https:\/\/i0.wp.com\/aldoconsultor.com\/wp-content\/uploads\/2018\/08\/adentar_03-1024x645.png?strip=info&#038;w=1200 1200w,https:\/\/i0.wp.com\/aldoconsultor.com\/wp-content\/uploads\/2018\/08\/adentar_03-1024x645.png?strip=info&#038;w=1298 1298w\" alt=\"\" data-height=\"818\" data-id=\"263\" data-link=\"https:\/\/aldoconsultor.com\/adentar_03\/\" data-url=\"http:\/\/aldoconsultor.com\/wp-content\/uploads\/2018\/08\/adentar_03-1024x645.png\" data-width=\"1298\" src=\"https:\/\/i0.wp.com\/aldoconsultor.com\/wp-content\/uploads\/2018\/08\/adentar_03-1024x645.png\" data-amp-layout=\"responsive\" tabindex=\"0\" role=\"button\" aria-label=\"Abrir la imagen 3 de 15 en pantalla completa\"\/><\/figure><figure class=\"tiled-gallery__item\"><img decoding=\"async\" srcset=\"https:\/\/i0.wp.com\/aldoconsultor.com\/wp-content\/uploads\/2018\/09\/Adentar-821-1024x490.jpg?strip=info&#038;w=600 600w,https:\/\/i0.wp.com\/aldoconsultor.com\/wp-content\/uploads\/2018\/09\/Adentar-821-1024x490.jpg?strip=info&#038;w=900 900w,https:\/\/i0.wp.com\/aldoconsultor.com\/wp-content\/uploads\/2018\/09\/Adentar-821-1024x490.jpg?strip=info&#038;w=1200 1200w,https:\/\/i0.wp.com\/aldoconsultor.com\/wp-content\/uploads\/2018\/09\/Adentar-821-1024x490.jpg?strip=info&#038;w=1500 1500w,https:\/\/i0.wp.com\/aldoconsultor.com\/wp-content\/uploads\/2018\/09\/Adentar-821-1024x490.jpg?strip=info&#038;w=1800 1800w,https:\/\/i0.wp.com\/aldoconsultor.com\/wp-content\/uploads\/2018\/09\/Adentar-821-1024x490.jpg?strip=info&#038;w=1918 1918w\" alt=\"\" data-height=\"918\" data-id=\"333\" data-link=\"https:\/\/aldoconsultor.com\/index.php\/adentar\/adentar-821\/\" data-url=\"http:\/\/aldoconsultor.com\/wp-content\/uploads\/2018\/09\/Adentar-821-1024x490.jpg\" data-width=\"1918\" src=\"https:\/\/i0.wp.com\/aldoconsultor.com\/wp-content\/uploads\/2018\/09\/Adentar-821-1024x490.jpg\" data-amp-layout=\"responsive\" tabindex=\"0\" role=\"button\" aria-label=\"Abrir la imagen 4 de 15 en pantalla completa\"\/><\/figure><figure class=\"tiled-gallery__item\"><img decoding=\"async\" srcset=\"https:\/\/i0.wp.com\/aldoconsultor.com\/wp-content\/uploads\/2018\/09\/adentar_papeleria-02-1024x674.jpg?strip=info&#038;w=600 600w,https:\/\/i0.wp.com\/aldoconsultor.com\/wp-content\/uploads\/2018\/09\/adentar_papeleria-02-1024x674.jpg?strip=info&#038;w=900 900w,https:\/\/i0.wp.com\/aldoconsultor.com\/wp-content\/uploads\/2018\/09\/adentar_papeleria-02-1024x674.jpg?strip=info&#038;w=1200 1200w,https:\/\/i0.wp.com\/aldoconsultor.com\/wp-content\/uploads\/2018\/09\/adentar_papeleria-02-1024x674.jpg?strip=info&#038;w=1500 1500w,https:\/\/i0.wp.com\/aldoconsultor.com\/wp-content\/uploads\/2018\/09\/adentar_papeleria-02-1024x674.jpg?strip=info&#038;w=1586 1586w\" alt=\"\" data-height=\"1044\" data-id=\"335\" data-link=\"https:\/\/aldoconsultor.com\/index.php\/adentar\/adentar_papeleria-02\/\" data-url=\"http:\/\/aldoconsultor.com\/wp-content\/uploads\/2018\/09\/adentar_papeleria-02-1024x674.jpg\" data-width=\"1586\" src=\"https:\/\/i0.wp.com\/aldoconsultor.com\/wp-content\/uploads\/2018\/09\/adentar_papeleria-02-1024x674.jpg\" data-amp-layout=\"responsive\" tabindex=\"0\" role=\"button\" aria-label=\"Abrir la imagen 5 de 15 en pantalla completa\"\/><\/figure><figure class=\"tiled-gallery__item\"><img decoding=\"async\" srcset=\"https:\/\/i0.wp.com\/aldoconsultor.com\/wp-content\/uploads\/2025\/01\/flyer_facebook_promo_mama_publicacion-04-1024x1024.png?strip=info&#038;w=600 600w,https:\/\/i0.wp.com\/aldoconsultor.com\/wp-content\/uploads\/2025\/01\/flyer_facebook_promo_mama_publicacion-04-1024x1024.png?strip=info&#038;w=900 900w,https:\/\/i0.wp.com\/aldoconsultor.com\/wp-content\/uploads\/2025\/01\/flyer_facebook_promo_mama_publicacion-04-1024x1024.png?strip=info&#038;w=1200 1200w,https:\/\/i0.wp.com\/aldoconsultor.com\/wp-content\/uploads\/2025\/01\/flyer_facebook_promo_mama_publicacion-04-1024x1024.png?strip=info&#038;w=1500 1500w,https:\/\/i0.wp.com\/aldoconsultor.com\/wp-content\/uploads\/2025\/01\/flyer_facebook_promo_mama_publicacion-04-1024x1024.png?strip=info&#038;w=1667 1667w\" alt=\"\" data-height=\"1667\" data-id=\"3584\" data-link=\"https:\/\/aldoconsultor.com\/index.php\/adentar\/flyer_facebook_promo_mama_publicacion-04\/\" data-url=\"http:\/\/aldoconsultor.com\/wp-content\/uploads\/2025\/01\/flyer_facebook_promo_mama_publicacion-04-1024x1024.png\" data-width=\"1667\" src=\"https:\/\/i0.wp.com\/aldoconsultor.com\/wp-content\/uploads\/2025\/01\/flyer_facebook_promo_mama_publicacion-04-1024x1024.png\" data-amp-layout=\"responsive\" tabindex=\"0\" role=\"button\" aria-label=\"Abrir la imagen 6 de 15 en pantalla completa\"\/><\/figure><\/div><div class=\"tiled-gallery__col\" style=\"flex-basis:29.20773%\"><figure class=\"tiled-gallery__item\"><img decoding=\"async\" srcset=\"https:\/\/i0.wp.com\/aldoconsultor.com\/wp-content\/uploads\/2018\/09\/adentar_pintura-1024x1024.png?strip=info&#038;w=600 600w,https:\/\/i0.wp.com\/aldoconsultor.com\/wp-content\/uploads\/2018\/09\/adentar_pintura-1024x1024.png?strip=info&#038;w=900 900w,https:\/\/i0.wp.com\/aldoconsultor.com\/wp-content\/uploads\/2018\/09\/adentar_pintura-1024x1024.png?strip=info&#038;w=1200 1200w,https:\/\/i0.wp.com\/aldoconsultor.com\/wp-content\/uploads\/2018\/09\/adentar_pintura-1024x1024.png?strip=info&#038;w=1500 1500w,https:\/\/i0.wp.com\/aldoconsultor.com\/wp-content\/uploads\/2018\/09\/adentar_pintura-1024x1024.png?strip=info&#038;w=1800 1800w,https:\/\/i0.wp.com\/aldoconsultor.com\/wp-content\/uploads\/2018\/09\/adentar_pintura-1024x1024.png?strip=info&#038;w=2000 2000w\" alt=\"\" data-height=\"2500\" data-id=\"338\" data-link=\"https:\/\/aldoconsultor.com\/index.php\/adentar\/adentar_pintura\/\" data-url=\"http:\/\/aldoconsultor.com\/wp-content\/uploads\/2018\/09\/adentar_pintura-1024x1024.png\" data-width=\"2500\" src=\"https:\/\/i0.wp.com\/aldoconsultor.com\/wp-content\/uploads\/2018\/09\/adentar_pintura-1024x1024.png\" data-amp-layout=\"responsive\" tabindex=\"0\" role=\"button\" aria-label=\"Abrir la imagen 7 de 15 en pantalla completa\"\/><\/figure><figure class=\"tiled-gallery__item\"><img decoding=\"async\" srcset=\"https:\/\/i0.wp.com\/aldoconsultor.com\/wp-content\/uploads\/2018\/08\/adentar_01.png?strip=info&#038;w=270 270w\" alt=\"\" data-height=\"170\" data-id=\"176\" data-link=\"https:\/\/aldoconsultor.com\/adentar_01\/\" data-url=\"http:\/\/aldoconsultor.com\/wp-content\/uploads\/2018\/08\/adentar_01.png\" data-width=\"270\" src=\"https:\/\/i0.wp.com\/aldoconsultor.com\/wp-content\/uploads\/2018\/08\/adentar_01.png\" data-amp-layout=\"responsive\" tabindex=\"0\" role=\"button\" aria-label=\"Abrir la imagen 8 de 15 en pantalla completa\"\/><\/figure><figure class=\"tiled-gallery__item\"><img decoding=\"async\" srcset=\"https:\/\/i0.wp.com\/aldoconsultor.com\/wp-content\/uploads\/2025\/01\/propuesta_cartel_3-02-724x1024.jpg?strip=info&#038;w=600 600w,https:\/\/i0.wp.com\/aldoconsultor.com\/wp-content\/uploads\/2025\/01\/propuesta_cartel_3-02-724x1024.jpg?strip=info&#038;w=900 900w,https:\/\/i0.wp.com\/aldoconsultor.com\/wp-content\/uploads\/2025\/01\/propuesta_cartel_3-02-724x1024.jpg?strip=info&#038;w=1200 1200w,https:\/\/i0.wp.com\/aldoconsultor.com\/wp-content\/uploads\/2025\/01\/propuesta_cartel_3-02-724x1024.jpg?strip=info&#038;w=1500 1500w,https:\/\/i0.wp.com\/aldoconsultor.com\/wp-content\/uploads\/2025\/01\/propuesta_cartel_3-02-724x1024.jpg?strip=info&#038;w=1800 1800w,https:\/\/i0.wp.com\/aldoconsultor.com\/wp-content\/uploads\/2025\/01\/propuesta_cartel_3-02-724x1024.jpg?strip=info&#038;w=1810 1810w\" alt=\"\" data-height=\"2560\" data-id=\"3599\" data-link=\"https:\/\/aldoconsultor.com\/index.php\/adentar\/propuesta_cartel_3-02\/\" data-url=\"http:\/\/aldoconsultor.com\/wp-content\/uploads\/2025\/01\/propuesta_cartel_3-02-724x1024.jpg\" data-width=\"1810\" src=\"https:\/\/i0.wp.com\/aldoconsultor.com\/wp-content\/uploads\/2025\/01\/propuesta_cartel_3-02-724x1024.jpg\" data-amp-layout=\"responsive\" tabindex=\"0\" role=\"button\" aria-label=\"Abrir la imagen 9 de 15 en pantalla completa\"\/><\/figure><figure class=\"tiled-gallery__item\"><img decoding=\"async\" srcset=\"https:\/\/i0.wp.com\/aldoconsultor.com\/wp-content\/uploads\/2025\/01\/Adentar_fachada_cartel_Mesa-de-trabajo-1-1024x614.jpg?strip=info&#038;w=600 600w,https:\/\/i0.wp.com\/aldoconsultor.com\/wp-content\/uploads\/2025\/01\/Adentar_fachada_cartel_Mesa-de-trabajo-1-1024x614.jpg?strip=info&#038;w=900 900w,https:\/\/i0.wp.com\/aldoconsultor.com\/wp-content\/uploads\/2025\/01\/Adentar_fachada_cartel_Mesa-de-trabajo-1-1024x614.jpg?strip=info&#038;w=1200 1200w,https:\/\/i0.wp.com\/aldoconsultor.com\/wp-content\/uploads\/2025\/01\/Adentar_fachada_cartel_Mesa-de-trabajo-1-1024x614.jpg?strip=info&#038;w=1500 1500w,https:\/\/i0.wp.com\/aldoconsultor.com\/wp-content\/uploads\/2025\/01\/Adentar_fachada_cartel_Mesa-de-trabajo-1-1024x614.jpg?strip=info&#038;w=1800 1800w,https:\/\/i0.wp.com\/aldoconsultor.com\/wp-content\/uploads\/2025\/01\/Adentar_fachada_cartel_Mesa-de-trabajo-1-1024x614.jpg?strip=info&#038;w=2000 2000w\" alt=\"\" data-height=\"1536\" data-id=\"3597\" data-link=\"https:\/\/aldoconsultor.com\/index.php\/adentar\/adentar_fachada_cartel_mesa-de-trabajo-1\/\" data-url=\"http:\/\/aldoconsultor.com\/wp-content\/uploads\/2025\/01\/Adentar_fachada_cartel_Mesa-de-trabajo-1-1024x614.jpg\" data-width=\"2560\" src=\"https:\/\/i0.wp.com\/aldoconsultor.com\/wp-content\/uploads\/2025\/01\/Adentar_fachada_cartel_Mesa-de-trabajo-1-1024x614.jpg\" data-amp-layout=\"responsive\" tabindex=\"0\" role=\"button\" aria-label=\"Abrir la imagen 10 de 15 en pantalla completa\"\/><\/figure><figure class=\"tiled-gallery__item\"><img decoding=\"async\" srcset=\"https:\/\/i0.wp.com\/aldoconsultor.com\/wp-content\/uploads\/2025\/01\/flyer_01_2023_Square-for-Instagram-1080-x-1080-1024x1024.jpg?strip=info&#038;w=600 600w,https:\/\/i0.wp.com\/aldoconsultor.com\/wp-content\/uploads\/2025\/01\/flyer_01_2023_Square-for-Instagram-1080-x-1080-1024x1024.jpg?strip=info&#038;w=900 900w,https:\/\/i0.wp.com\/aldoconsultor.com\/wp-content\/uploads\/2025\/01\/flyer_01_2023_Square-for-Instagram-1080-x-1080-1024x1024.jpg?strip=info&#038;w=1200 1200w,https:\/\/i0.wp.com\/aldoconsultor.com\/wp-content\/uploads\/2025\/01\/flyer_01_2023_Square-for-Instagram-1080-x-1080-1024x1024.jpg?strip=info&#038;w=1500 1500w,https:\/\/i0.wp.com\/aldoconsultor.com\/wp-content\/uploads\/2025\/01\/flyer_01_2023_Square-for-Instagram-1080-x-1080-1024x1024.jpg?strip=info&#038;w=1800 1800w,https:\/\/i0.wp.com\/aldoconsultor.com\/wp-content\/uploads\/2025\/01\/flyer_01_2023_Square-for-Instagram-1080-x-1080-1024x1024.jpg?strip=info&#038;w=2000 2000w\" alt=\"\" data-height=\"2250\" data-id=\"3600\" data-link=\"https:\/\/aldoconsultor.com\/index.php\/adentar\/flyer_01_2023_square-for-instagram-1080-x-1080\/\" data-url=\"http:\/\/aldoconsultor.com\/wp-content\/uploads\/2025\/01\/flyer_01_2023_Square-for-Instagram-1080-x-1080-1024x1024.jpg\" data-width=\"2251\" src=\"https:\/\/i0.wp.com\/aldoconsultor.com\/wp-content\/uploads\/2025\/01\/flyer_01_2023_Square-for-Instagram-1080-x-1080-1024x1024.jpg\" data-amp-layout=\"responsive\" tabindex=\"0\" role=\"button\" aria-label=\"Abrir la imagen 11 de 15 en pantalla completa\"\/><\/figure><figure class=\"tiled-gallery__item\"><img decoding=\"async\" srcset=\"https:\/\/i0.wp.com\/aldoconsultor.com\/wp-content\/uploads\/2025\/01\/flyer_anonuevo_02-02-1024x1024.jpg?strip=info&#038;w=600 600w,https:\/\/i0.wp.com\/aldoconsultor.com\/wp-content\/uploads\/2025\/01\/flyer_anonuevo_02-02-1024x1024.jpg?strip=info&#038;w=900 900w,https:\/\/i0.wp.com\/aldoconsultor.com\/wp-content\/uploads\/2025\/01\/flyer_anonuevo_02-02-1024x1024.jpg?strip=info&#038;w=1200 1200w,https:\/\/i0.wp.com\/aldoconsultor.com\/wp-content\/uploads\/2025\/01\/flyer_anonuevo_02-02-1024x1024.jpg?strip=info&#038;w=1500 1500w,https:\/\/i0.wp.com\/aldoconsultor.com\/wp-content\/uploads\/2025\/01\/flyer_anonuevo_02-02-1024x1024.jpg?strip=info&#038;w=1800 1800w,https:\/\/i0.wp.com\/aldoconsultor.com\/wp-content\/uploads\/2025\/01\/flyer_anonuevo_02-02-1024x1024.jpg?strip=info&#038;w=2000 2000w\" alt=\"\" data-height=\"2500\" data-id=\"3601\" data-link=\"https:\/\/aldoconsultor.com\/index.php\/adentar\/flyer_anonuevo_02-02\/\" data-url=\"http:\/\/aldoconsultor.com\/wp-content\/uploads\/2025\/01\/flyer_anonuevo_02-02-1024x1024.jpg\" data-width=\"2501\" src=\"https:\/\/i0.wp.com\/aldoconsultor.com\/wp-content\/uploads\/2025\/01\/flyer_anonuevo_02-02-1024x1024.jpg\" data-amp-layout=\"responsive\" tabindex=\"0\" role=\"button\" aria-label=\"Abrir la imagen 12 de 15 en pantalla completa\"\/><\/figure><figure class=\"tiled-gallery__item\"><img decoding=\"async\" srcset=\"https:\/\/i0.wp.com\/aldoconsultor.com\/wp-content\/uploads\/2025\/01\/flyer_navidad_adentar_2023-01-1024x1024.jpg?strip=info&#038;w=600 600w,https:\/\/i0.wp.com\/aldoconsultor.com\/wp-content\/uploads\/2025\/01\/flyer_navidad_adentar_2023-01-1024x1024.jpg?strip=info&#038;w=900 900w,https:\/\/i0.wp.com\/aldoconsultor.com\/wp-content\/uploads\/2025\/01\/flyer_navidad_adentar_2023-01-1024x1024.jpg?strip=info&#038;w=1200 1200w,https:\/\/i0.wp.com\/aldoconsultor.com\/wp-content\/uploads\/2025\/01\/flyer_navidad_adentar_2023-01-1024x1024.jpg?strip=info&#038;w=1500 1500w,https:\/\/i0.wp.com\/aldoconsultor.com\/wp-content\/uploads\/2025\/01\/flyer_navidad_adentar_2023-01-1024x1024.jpg?strip=info&#038;w=1800 1800w,https:\/\/i0.wp.com\/aldoconsultor.com\/wp-content\/uploads\/2025\/01\/flyer_navidad_adentar_2023-01-1024x1024.jpg?strip=info&#038;w=2000 2000w\" alt=\"\" data-height=\"2501\" data-id=\"3602\" data-link=\"https:\/\/aldoconsultor.com\/index.php\/adentar\/flyer_navidad_adentar_2023-01\/\" data-url=\"http:\/\/aldoconsultor.com\/wp-content\/uploads\/2025\/01\/flyer_navidad_adentar_2023-01-1024x1024.jpg\" data-width=\"2501\" src=\"https:\/\/i0.wp.com\/aldoconsultor.com\/wp-content\/uploads\/2025\/01\/flyer_navidad_adentar_2023-01-1024x1024.jpg\" data-amp-layout=\"responsive\" tabindex=\"0\" role=\"button\" aria-label=\"Abrir la imagen 13 de 15 en pantalla completa\"\/><\/figure><figure class=\"tiled-gallery__item\"><img decoding=\"async\" srcset=\"https:\/\/i0.wp.com\/aldoconsultor.com\/wp-content\/uploads\/2025\/01\/flyer_senales_adentar-05-576x1024.jpg?strip=info&#038;w=600 600w,https:\/\/i0.wp.com\/aldoconsultor.com\/wp-content\/uploads\/2025\/01\/flyer_senales_adentar-05-576x1024.jpg?strip=info&#038;w=900 900w,https:\/\/i0.wp.com\/aldoconsultor.com\/wp-content\/uploads\/2025\/01\/flyer_senales_adentar-05-576x1024.jpg?strip=info&#038;w=1200 1200w,https:\/\/i0.wp.com\/aldoconsultor.com\/wp-content\/uploads\/2025\/01\/flyer_senales_adentar-05-576x1024.jpg?strip=info&#038;w=1440 1440w\" alt=\"\" data-height=\"2560\" data-id=\"3603\" data-link=\"https:\/\/aldoconsultor.com\/index.php\/adentar\/flyer_senales_adentar-05\/\" data-url=\"http:\/\/aldoconsultor.com\/wp-content\/uploads\/2025\/01\/flyer_senales_adentar-05-576x1024.jpg\" data-width=\"1440\" src=\"https:\/\/i0.wp.com\/aldoconsultor.com\/wp-content\/uploads\/2025\/01\/flyer_senales_adentar-05-576x1024.jpg\" data-amp-layout=\"responsive\" tabindex=\"0\" role=\"button\" aria-label=\"Abrir la imagen 14 de 15 en pantalla completa\"\/><\/figure><figure class=\"tiled-gallery__item\"><img decoding=\"async\" srcset=\"https:\/\/i0.wp.com\/aldoconsultor.com\/wp-content\/uploads\/2025\/01\/flyers_sonrisa_fresca_04-10-1024x1024.jpg?strip=info&#038;w=600 600w,https:\/\/i0.wp.com\/aldoconsultor.com\/wp-content\/uploads\/2025\/01\/flyers_sonrisa_fresca_04-10-1024x1024.jpg?strip=info&#038;w=900 900w,https:\/\/i0.wp.com\/aldoconsultor.com\/wp-content\/uploads\/2025\/01\/flyers_sonrisa_fresca_04-10-1024x1024.jpg?strip=info&#038;w=1200 1200w,https:\/\/i0.wp.com\/aldoconsultor.com\/wp-content\/uploads\/2025\/01\/flyers_sonrisa_fresca_04-10-1024x1024.jpg?strip=info&#038;w=1500 1500w,https:\/\/i0.wp.com\/aldoconsultor.com\/wp-content\/uploads\/2025\/01\/flyers_sonrisa_fresca_04-10-1024x1024.jpg?strip=info&#038;w=1800 1800w,https:\/\/i0.wp.com\/aldoconsultor.com\/wp-content\/uploads\/2025\/01\/flyers_sonrisa_fresca_04-10-1024x1024.jpg?strip=info&#038;w=2000 2000w\" alt=\"\" data-height=\"2500\" data-id=\"3604\" data-link=\"https:\/\/aldoconsultor.com\/index.php\/adentar\/flyers_sonrisa_fresca_04-10\/\" data-url=\"http:\/\/aldoconsultor.com\/wp-content\/uploads\/2025\/01\/flyers_sonrisa_fresca_04-10-1024x1024.jpg\" data-width=\"2501\" src=\"https:\/\/i0.wp.com\/aldoconsultor.com\/wp-content\/uploads\/2025\/01\/flyers_sonrisa_fresca_04-10-1024x1024.jpg\" data-amp-layout=\"responsive\" tabindex=\"0\" role=\"button\" aria-label=\"Abrir la imagen 15 de 15 en pantalla completa\"\/><\/figure><\/div><\/div><\/div><\/div><\/div>\n\n\n\n<div style=\"height:5px\" aria-hidden=\"true\" class=\"wp-block-spacer\"><\/div>\n\n\n\n<figure class=\"wp-block-video\"><video height=\"1920\" style=\"aspect-ratio: 1080 \/ 1920;\" width=\"1080\" controls loop src=\"http:\/\/aldoconsultor.com\/wp-content\/uploads\/2025\/01\/Beneficio-Adentar-Libertad.mp4\"><\/video><\/figure>\n\n\n\n<p><\/p>\n","protected":false},"excerpt":{"rendered":"<p>Dise\u00f1o de marca gr\u00e1fica para cl\u00ednica odontol\u00f3gica. Idea de nombre, elementos visuales y dise\u00f1o de piezas gr\u00e1ficas de comunicaci\u00f3n.<\/p>\n","protected":false},"author":1,"featured_media":3583,"parent":0,"menu_order":0,"comment_status":"closed","ping_status":"closed","template":"","meta":{"om_disable_all_campaigns":false,"_monsterinsights_skip_tracking":false,"_monsterinsights_sitenote_active":false,"_monsterinsights_sitenote_note":"","_monsterinsights_sitenote_category":0,"jetpack_post_was_ever_published":false,"footnotes":""},"class_list":["post-315","page","type-page","status-publish","has-post-thumbnail","hentry"],"jetpack_sharing_enabled":true,"jetpack_shortlink":"https:\/\/wp.me\/PalxNB-55","_links":{"self":[{"href":"https:\/\/aldoconsultor.com\/index.php\/wp-json\/wp\/v2\/pages\/315","targetHints":{"allow":["GET"]}}],"collection":[{"href":"https:\/\/aldoconsultor.com\/index.php\/wp-json\/wp\/v2\/pages"}],"about":[{"href":"https:\/\/aldoconsultor.com\/index.php\/wp-json\/wp\/v2\/types\/page"}],"author":[{"embeddable":true,"href":"https:\/\/aldoconsultor.com\/index.php\/wp-json\/wp\/v2\/users\/1"}],"replies":[{"embeddable":true,"href":"https:\/\/aldoconsultor.com\/index.php\/wp-json\/wp\/v2\/comments?post=315"}],"version-history":[{"count":28,"href":"https:\/\/aldoconsultor.com\/index.php\/wp-json\/wp\/v2\/pages\/315\/revisions"}],"predecessor-version":[{"id":3684,"href":"https:\/\/aldoconsultor.com\/index.php\/wp-json\/wp\/v2\/pages\/315\/revisions\/3684"}],"wp:featuredmedia":[{"embeddable":true,"href":"https:\/\/aldoconsultor.com\/index.php\/wp-json\/wp\/v2\/media\/3583"}],"wp:attachment":[{"href":"https:\/\/aldoconsultor.com\/index.php\/wp-json\/wp\/v2\/media?parent=315"}],"curies":[{"name":"wp","href":"https:\/\/api.w.org\/{rel}","templated":true}]}}