{"id":3247,"date":"2024-12-09T18:31:43","date_gmt":"2024-12-09T18:31:43","guid":{"rendered":"https:\/\/aldoconsultor.com\/?page_id=3247"},"modified":"2025-05-27T20:13:18","modified_gmt":"2025-05-27T20:13:18","slug":"cel","status":"publish","type":"page","link":"https:\/\/aldoconsultor.com\/index.php\/cel\/","title":{"rendered":"CEL"},"content":{"rendered":"\n<div class=\"wp-block-columns is-layout-flex wp-container-core-columns-is-layout-9d6595d7 wp-block-columns-is-layout-flex\">\n<div class=\"wp-block-column is-layout-flow wp-block-column-is-layout-flow\" style=\"flex-basis:10%\"><\/div>\n\n\n\n<div class=\"wp-block-column is-layout-flow wp-block-column-is-layout-flow\" style=\"flex-basis:80%\">\n<p class=\"has-text-align-center has-cyan-bluish-gray-color has-text-color has-link-color has-medium-font-size wp-elements-8a8b8f9bc20b09296c9bddcee88f4dd6\" style=\"line-height:1.4\"><strong>Redise\u00f1o de marca gr\u00e1fica para el Centro Educativo Los Laureles.<\/strong> Ajuste de nombre y elementos gr\u00e1ficos. El trabajo incluy\u00f3 el dise\u00f1o y diagramaci\u00f3n del manual de identidad as\u00ed como la aplicaci\u00f3n de la nueva identidad en diferentes materiales de comunicaci\u00f3n.<\/p>\n<\/div>\n\n\n\n<div class=\"wp-block-column is-layout-flow wp-block-column-is-layout-flow\" style=\"flex-basis:10%\"><\/div>\n<\/div>\n\n\n\n<div class=\"wp-block-jetpack-tiled-gallery aligncenter is-style-columns\"><div class=\"\"><div class=\"tiled-gallery__gallery\"><div class=\"tiled-gallery__row\"><div class=\"tiled-gallery__col\" style=\"flex-basis:46.98692%\"><figure class=\"tiled-gallery__item\"><img decoding=\"async\" srcset=\"https:\/\/i0.wp.com\/aldoconsultor.com\/wp-content\/uploads\/2024\/12\/CEL_mockup_remera-1024x682.png?strip=info&#038;w=600 600w,https:\/\/i0.wp.com\/aldoconsultor.com\/wp-content\/uploads\/2024\/12\/CEL_mockup_remera-1024x682.png?strip=info&#038;w=900 900w,https:\/\/i0.wp.com\/aldoconsultor.com\/wp-content\/uploads\/2024\/12\/CEL_mockup_remera-1024x682.png?strip=info&#038;w=1200 1200w,https:\/\/i0.wp.com\/aldoconsultor.com\/wp-content\/uploads\/2024\/12\/CEL_mockup_remera-1024x682.png?strip=info&#038;w=1500 1500w,https:\/\/i0.wp.com\/aldoconsultor.com\/wp-content\/uploads\/2024\/12\/CEL_mockup_remera-1024x682.png?strip=info&#038;w=1800 1800w,https:\/\/i0.wp.com\/aldoconsultor.com\/wp-content\/uploads\/2024\/12\/CEL_mockup_remera-1024x682.png?strip=info&#038;w=2000 2000w\" alt=\"\" data-height=\"1333\" data-id=\"3289\" data-link=\"https:\/\/aldoconsultor.com\/index.php\/cel\/cel_mockup_remera\/\" data-url=\"http:\/\/aldoconsultor.com\/wp-content\/uploads\/2024\/12\/CEL_mockup_remera-1024x682.png\" data-width=\"2000\" src=\"https:\/\/i0.wp.com\/aldoconsultor.com\/wp-content\/uploads\/2024\/12\/CEL_mockup_remera-1024x682.png\" data-amp-layout=\"responsive\" tabindex=\"0\" role=\"button\" aria-label=\"Abrir la imagen 1 de 9 en pantalla completa\"\/><\/figure><figure class=\"tiled-gallery__item\"><img decoding=\"async\" srcset=\"https:\/\/i0.wp.com\/aldoconsultor.com\/wp-content\/uploads\/2024\/12\/Manual_de_Marca_CEL_2024_3-1024x724.jpg?strip=info&#038;w=600 600w,https:\/\/i0.wp.com\/aldoconsultor.com\/wp-content\/uploads\/2024\/12\/Manual_de_Marca_CEL_2024_3-1024x724.jpg?strip=info&#038;w=900 900w,https:\/\/i0.wp.com\/aldoconsultor.com\/wp-content\/uploads\/2024\/12\/Manual_de_Marca_CEL_2024_3-1024x724.jpg?strip=info&#038;w=1200 1200w,https:\/\/i0.wp.com\/aldoconsultor.com\/wp-content\/uploads\/2024\/12\/Manual_de_Marca_CEL_2024_3-1024x724.jpg?strip=info&#038;w=1500 1500w,https:\/\/i0.wp.com\/aldoconsultor.com\/wp-content\/uploads\/2024\/12\/Manual_de_Marca_CEL_2024_3-1024x724.jpg?strip=info&#038;w=1754 1754w\" alt=\"\" data-height=\"1240\" data-id=\"3404\" data-link=\"https:\/\/aldoconsultor.com\/index.php\/cel\/manual_de_marca_cel_2024_3\/\" data-url=\"http:\/\/aldoconsultor.com\/wp-content\/uploads\/2024\/12\/Manual_de_Marca_CEL_2024_3-1024x724.jpg\" data-width=\"1754\" src=\"https:\/\/i0.wp.com\/aldoconsultor.com\/wp-content\/uploads\/2024\/12\/Manual_de_Marca_CEL_2024_3-1024x724.jpg\" data-amp-layout=\"responsive\" tabindex=\"0\" role=\"button\" aria-label=\"Abrir la imagen 2 de 9 en pantalla completa\"\/><\/figure><figure class=\"tiled-gallery__item\"><img decoding=\"async\" srcset=\"https:\/\/i0.wp.com\/aldoconsultor.com\/wp-content\/uploads\/2024\/12\/CEL_versiones_color_Mesa-de-trabajo-1-copia-3-1024x614.png?strip=info&#038;w=600 600w,https:\/\/i0.wp.com\/aldoconsultor.com\/wp-content\/uploads\/2024\/12\/CEL_versiones_color_Mesa-de-trabajo-1-copia-3-1024x614.png?strip=info&#038;w=900 900w,https:\/\/i0.wp.com\/aldoconsultor.com\/wp-content\/uploads\/2024\/12\/CEL_versiones_color_Mesa-de-trabajo-1-copia-3-1024x614.png?strip=info&#038;w=1200 1200w,https:\/\/i0.wp.com\/aldoconsultor.com\/wp-content\/uploads\/2024\/12\/CEL_versiones_color_Mesa-de-trabajo-1-copia-3-1024x614.png?strip=info&#038;w=1500 1500w,https:\/\/i0.wp.com\/aldoconsultor.com\/wp-content\/uploads\/2024\/12\/CEL_versiones_color_Mesa-de-trabajo-1-copia-3-1024x614.png?strip=info&#038;w=1800 1800w,https:\/\/i0.wp.com\/aldoconsultor.com\/wp-content\/uploads\/2024\/12\/CEL_versiones_color_Mesa-de-trabajo-1-copia-3-1024x614.png?strip=info&#038;w=2000 2000w\" alt=\"\" data-height=\"2500\" data-id=\"3286\" data-link=\"https:\/\/aldoconsultor.com\/index.php\/cel\/cel_versiones_color_mesa-de-trabajo-1-copia-3\/\" data-url=\"http:\/\/aldoconsultor.com\/wp-content\/uploads\/2024\/12\/CEL_versiones_color_Mesa-de-trabajo-1-copia-3-1024x614.png\" data-width=\"4167\" src=\"https:\/\/i0.wp.com\/aldoconsultor.com\/wp-content\/uploads\/2024\/12\/CEL_versiones_color_Mesa-de-trabajo-1-copia-3-1024x614.png\" data-amp-layout=\"responsive\" tabindex=\"0\" role=\"button\" aria-label=\"Abrir la imagen 3 de 9 en pantalla completa\"\/><\/figure><figure class=\"tiled-gallery__item\"><img decoding=\"async\" srcset=\"https:\/\/i0.wp.com\/aldoconsultor.com\/wp-content\/uploads\/2024\/12\/CEL_versiones_marca_Mesa-de-trabajo-1-copia-4-1024x614.png?strip=info&#038;w=600 600w,https:\/\/i0.wp.com\/aldoconsultor.com\/wp-content\/uploads\/2024\/12\/CEL_versiones_marca_Mesa-de-trabajo-1-copia-4-1024x614.png?strip=info&#038;w=900 900w,https:\/\/i0.wp.com\/aldoconsultor.com\/wp-content\/uploads\/2024\/12\/CEL_versiones_marca_Mesa-de-trabajo-1-copia-4-1024x614.png?strip=info&#038;w=1200 1200w,https:\/\/i0.wp.com\/aldoconsultor.com\/wp-content\/uploads\/2024\/12\/CEL_versiones_marca_Mesa-de-trabajo-1-copia-4-1024x614.png?strip=info&#038;w=1500 1500w,https:\/\/i0.wp.com\/aldoconsultor.com\/wp-content\/uploads\/2024\/12\/CEL_versiones_marca_Mesa-de-trabajo-1-copia-4-1024x614.png?strip=info&#038;w=1800 1800w,https:\/\/i0.wp.com\/aldoconsultor.com\/wp-content\/uploads\/2024\/12\/CEL_versiones_marca_Mesa-de-trabajo-1-copia-4-1024x614.png?strip=info&#038;w=2000 2000w\" alt=\"\" data-height=\"2500\" data-id=\"3287\" data-link=\"https:\/\/aldoconsultor.com\/index.php\/cel\/cel_versiones_marca_mesa-de-trabajo-1-copia-4\/\" data-url=\"http:\/\/aldoconsultor.com\/wp-content\/uploads\/2024\/12\/CEL_versiones_marca_Mesa-de-trabajo-1-copia-4-1024x614.png\" data-width=\"4167\" src=\"https:\/\/i0.wp.com\/aldoconsultor.com\/wp-content\/uploads\/2024\/12\/CEL_versiones_marca_Mesa-de-trabajo-1-copia-4-1024x614.png\" data-amp-layout=\"responsive\" tabindex=\"0\" role=\"button\" aria-label=\"Abrir la imagen 4 de 9 en pantalla completa\"\/><\/figure><figure class=\"tiled-gallery__item\"><img decoding=\"async\" srcset=\"https:\/\/i0.wp.com\/aldoconsultor.com\/wp-content\/uploads\/2024\/12\/banner_cel_mockup-1024x1024.png?strip=info&#038;w=600 600w,https:\/\/i0.wp.com\/aldoconsultor.com\/wp-content\/uploads\/2024\/12\/banner_cel_mockup-1024x1024.png?strip=info&#038;w=900 900w,https:\/\/i0.wp.com\/aldoconsultor.com\/wp-content\/uploads\/2024\/12\/banner_cel_mockup-1024x1024.png?strip=info&#038;w=1200 1200w,https:\/\/i0.wp.com\/aldoconsultor.com\/wp-content\/uploads\/2024\/12\/banner_cel_mockup-1024x1024.png?strip=info&#038;w=1500 1500w,https:\/\/i0.wp.com\/aldoconsultor.com\/wp-content\/uploads\/2024\/12\/banner_cel_mockup-1024x1024.png?strip=info&#038;w=1800 1800w,https:\/\/i0.wp.com\/aldoconsultor.com\/wp-content\/uploads\/2024\/12\/banner_cel_mockup-1024x1024.png?strip=info&#038;w=2000 2000w\" alt=\"\" data-height=\"2000\" data-id=\"3288\" data-link=\"https:\/\/aldoconsultor.com\/index.php\/cel\/banner_cel_mockup-2\/\" data-url=\"http:\/\/aldoconsultor.com\/wp-content\/uploads\/2024\/12\/banner_cel_mockup-1024x1024.png\" data-width=\"2000\" src=\"https:\/\/i0.wp.com\/aldoconsultor.com\/wp-content\/uploads\/2024\/12\/banner_cel_mockup-1024x1024.png\" data-amp-layout=\"responsive\" tabindex=\"0\" role=\"button\" aria-label=\"Abrir la imagen 5 de 9 en pantalla completa\"\/><\/figure><\/div><div class=\"tiled-gallery__col\" style=\"flex-basis:53.01308%\"><figure class=\"tiled-gallery__item\"><img decoding=\"async\" srcset=\"https:\/\/i0.wp.com\/aldoconsultor.com\/wp-content\/uploads\/2024\/12\/CEL_areadeseguridad-05-1024x725.png?strip=info&#038;w=600 600w,https:\/\/i0.wp.com\/aldoconsultor.com\/wp-content\/uploads\/2024\/12\/CEL_areadeseguridad-05-1024x725.png?strip=info&#038;w=900 900w,https:\/\/i0.wp.com\/aldoconsultor.com\/wp-content\/uploads\/2024\/12\/CEL_areadeseguridad-05-1024x725.png?strip=info&#038;w=1200 1200w,https:\/\/i0.wp.com\/aldoconsultor.com\/wp-content\/uploads\/2024\/12\/CEL_areadeseguridad-05-1024x725.png?strip=info&#038;w=1500 1500w,https:\/\/i0.wp.com\/aldoconsultor.com\/wp-content\/uploads\/2024\/12\/CEL_areadeseguridad-05-1024x725.png?strip=info&#038;w=1754 1754w\" alt=\"\" data-height=\"1241\" data-id=\"3285\" data-link=\"https:\/\/aldoconsultor.com\/index.php\/cel\/cel_areadeseguridad-05\/\" data-url=\"http:\/\/aldoconsultor.com\/wp-content\/uploads\/2024\/12\/CEL_areadeseguridad-05-1024x725.png\" data-width=\"1754\" src=\"https:\/\/i0.wp.com\/aldoconsultor.com\/wp-content\/uploads\/2024\/12\/CEL_areadeseguridad-05-1024x725.png\" data-amp-layout=\"responsive\" tabindex=\"0\" role=\"button\" aria-label=\"Abrir la imagen 6 de 9 en pantalla completa\"\/><\/figure><figure class=\"tiled-gallery__item\"><img decoding=\"async\" srcset=\"https:\/\/i0.wp.com\/aldoconsultor.com\/wp-content\/uploads\/2024\/12\/mockups_papeleria_cel_2024-1024x717.png?strip=info&#038;w=600 600w,https:\/\/i0.wp.com\/aldoconsultor.com\/wp-content\/uploads\/2024\/12\/mockups_papeleria_cel_2024-1024x717.png?strip=info&#038;w=900 900w,https:\/\/i0.wp.com\/aldoconsultor.com\/wp-content\/uploads\/2024\/12\/mockups_papeleria_cel_2024-1024x717.png?strip=info&#038;w=1200 1200w,https:\/\/i0.wp.com\/aldoconsultor.com\/wp-content\/uploads\/2024\/12\/mockups_papeleria_cel_2024-1024x717.png?strip=info&#038;w=1500 1500w,https:\/\/i0.wp.com\/aldoconsultor.com\/wp-content\/uploads\/2024\/12\/mockups_papeleria_cel_2024-1024x717.png?strip=info&#038;w=1800 1800w,https:\/\/i0.wp.com\/aldoconsultor.com\/wp-content\/uploads\/2024\/12\/mockups_papeleria_cel_2024-1024x717.png?strip=info&#038;w=2000 2000w\" alt=\"\" data-height=\"1400\" data-id=\"3290\" data-link=\"https:\/\/aldoconsultor.com\/index.php\/cel\/mockups_papeleria_cel_2024-2\/\" data-url=\"http:\/\/aldoconsultor.com\/wp-content\/uploads\/2024\/12\/mockups_papeleria_cel_2024-1024x717.png\" data-width=\"2000\" src=\"https:\/\/i0.wp.com\/aldoconsultor.com\/wp-content\/uploads\/2024\/12\/mockups_papeleria_cel_2024-1024x717.png\" data-amp-layout=\"responsive\" tabindex=\"0\" role=\"button\" aria-label=\"Abrir la imagen 7 de 9 en pantalla completa\"\/><\/figure><figure class=\"tiled-gallery__item\"><img decoding=\"async\" srcset=\"https:\/\/i0.wp.com\/aldoconsultor.com\/wp-content\/uploads\/2024\/12\/certificado-1024x682.png?strip=info&#038;w=600 600w,https:\/\/i0.wp.com\/aldoconsultor.com\/wp-content\/uploads\/2024\/12\/certificado-1024x682.png?strip=info&#038;w=900 900w,https:\/\/i0.wp.com\/aldoconsultor.com\/wp-content\/uploads\/2024\/12\/certificado-1024x682.png?strip=info&#038;w=1200 1200w,https:\/\/i0.wp.com\/aldoconsultor.com\/wp-content\/uploads\/2024\/12\/certificado-1024x682.png?strip=info&#038;w=1500 1500w,https:\/\/i0.wp.com\/aldoconsultor.com\/wp-content\/uploads\/2024\/12\/certificado-1024x682.png?strip=info&#038;w=1800 1800w,https:\/\/i0.wp.com\/aldoconsultor.com\/wp-content\/uploads\/2024\/12\/certificado-1024x682.png?strip=info&#038;w=2000 2000w\" alt=\"\" data-height=\"1333\" data-id=\"3449\" data-link=\"https:\/\/aldoconsultor.com\/index.php\/cel\/certificado\/\" data-url=\"http:\/\/aldoconsultor.com\/wp-content\/uploads\/2024\/12\/certificado-1024x682.png\" data-width=\"2000\" src=\"https:\/\/i0.wp.com\/aldoconsultor.com\/wp-content\/uploads\/2024\/12\/certificado-1024x682.png\" data-amp-layout=\"responsive\" tabindex=\"0\" role=\"button\" aria-label=\"Abrir la imagen 8 de 9 en pantalla completa\"\/><\/figure><figure class=\"tiled-gallery__item\"><img decoding=\"async\" srcset=\"https:\/\/i0.wp.com\/aldoconsultor.com\/wp-content\/uploads\/2024\/12\/camiseta_futbol-932x1024.png?strip=info&#038;w=600 600w,https:\/\/i0.wp.com\/aldoconsultor.com\/wp-content\/uploads\/2024\/12\/camiseta_futbol-932x1024.png?strip=info&#038;w=900 900w,https:\/\/i0.wp.com\/aldoconsultor.com\/wp-content\/uploads\/2024\/12\/camiseta_futbol-932x1024.png?strip=info&#038;w=1200 1200w,https:\/\/i0.wp.com\/aldoconsultor.com\/wp-content\/uploads\/2024\/12\/camiseta_futbol-932x1024.png?strip=info&#038;w=1500 1500w,https:\/\/i0.wp.com\/aldoconsultor.com\/wp-content\/uploads\/2024\/12\/camiseta_futbol-932x1024.png?strip=info&#038;w=1800 1800w,https:\/\/i0.wp.com\/aldoconsultor.com\/wp-content\/uploads\/2024\/12\/camiseta_futbol-932x1024.png?strip=info&#038;w=1821 1821w\" alt=\"\" data-height=\"2000\" data-id=\"3452\" data-link=\"https:\/\/aldoconsultor.com\/index.php\/cel\/camiseta_futbol\/\" data-url=\"http:\/\/aldoconsultor.com\/wp-content\/uploads\/2024\/12\/camiseta_futbol-932x1024.png\" data-width=\"1821\" src=\"https:\/\/i0.wp.com\/aldoconsultor.com\/wp-content\/uploads\/2024\/12\/camiseta_futbol-932x1024.png\" data-amp-layout=\"responsive\" tabindex=\"0\" role=\"button\" aria-label=\"Abrir la imagen 9 de 9 en pantalla completa\"\/><\/figure><\/div><\/div><\/div><\/div><\/div>\n\n\n\n<figure class=\"wp-block-jetpack-image-compare\"><div class=\"juxtapose\" data-mode=\"horizontal\"><img data-recalc-dims=\"1\" fetchpriority=\"high\" decoding=\"async\" id=\"4167\" src=\"https:\/\/i0.wp.com\/aldoconsultor.com\/wp-content\/uploads\/2025\/05\/comparativo_marcas_CEL_Mesa-de-trabajo-1-copia-7.png?resize=525%2C371&#038;ssl=1\" alt=\"\" width=\"525\" height=\"371\" class=\"image-compare__image-before\"\/><img data-recalc-dims=\"1\" decoding=\"async\" id=\"4168\" src=\"https:\/\/i0.wp.com\/aldoconsultor.com\/wp-content\/uploads\/2025\/05\/comparativo_marcas_CEL_Mesa-de-trabajo-1-copia-6.png?resize=525%2C371&#038;ssl=1\" alt=\"\" width=\"525\" height=\"371\" class=\"image-compare__image-after\"\/><\/div><\/figure>\n","protected":false},"excerpt":{"rendered":"<p>Redise\u00f1o de marca gr\u00e1fica para el Centro Educativo Los Laureles. Ajuste de nombre y elementos gr\u00e1ficos. El trabajo incluy\u00f3 el dise\u00f1o y diagramaci\u00f3n del manual de identidad as\u00ed como la aplicaci\u00f3n de la nueva identidad en diferentes materiales de comunicaci\u00f3n.<\/p>\n","protected":false},"author":1,"featured_media":3409,"parent":0,"menu_order":0,"comment_status":"closed","ping_status":"closed","template":"","meta":{"om_disable_all_campaigns":false,"_monsterinsights_skip_tracking":false,"_monsterinsights_sitenote_active":false,"_monsterinsights_sitenote_note":"","_monsterinsights_sitenote_category":0,"jetpack_post_was_ever_published":false,"footnotes":""},"class_list":["post-3247","page","type-page","status-publish","has-post-thumbnail","hentry"],"jetpack_sharing_enabled":true,"jetpack_shortlink":"https:\/\/wp.me\/PalxNB-Qn","_links":{"self":[{"href":"https:\/\/aldoconsultor.com\/index.php\/wp-json\/wp\/v2\/pages\/3247","targetHints":{"allow":["GET"]}}],"collection":[{"href":"https:\/\/aldoconsultor.com\/index.php\/wp-json\/wp\/v2\/pages"}],"about":[{"href":"https:\/\/aldoconsultor.com\/index.php\/wp-json\/wp\/v2\/types\/page"}],"author":[{"embeddable":true,"href":"https:\/\/aldoconsultor.com\/index.php\/wp-json\/wp\/v2\/users\/1"}],"replies":[{"embeddable":true,"href":"https:\/\/aldoconsultor.com\/index.php\/wp-json\/wp\/v2\/comments?post=3247"}],"version-history":[{"count":49,"href":"https:\/\/aldoconsultor.com\/index.php\/wp-json\/wp\/v2\/pages\/3247\/revisions"}],"predecessor-version":[{"id":4194,"href":"https:\/\/aldoconsultor.com\/index.php\/wp-json\/wp\/v2\/pages\/3247\/revisions\/4194"}],"wp:featuredmedia":[{"embeddable":true,"href":"https:\/\/aldoconsultor.com\/index.php\/wp-json\/wp\/v2\/media\/3409"}],"wp:attachment":[{"href":"https:\/\/aldoconsultor.com\/index.php\/wp-json\/wp\/v2\/media?parent=3247"}],"curies":[{"name":"wp","href":"https:\/\/api.w.org\/{rel}","templated":true}]}}