{"id":3343,"date":"2024-12-11T17:52:28","date_gmt":"2024-12-11T17:52:28","guid":{"rendered":"https:\/\/aldoconsultor.com\/?page_id=3343"},"modified":"2025-01-22T14:05:57","modified_gmt":"2025-01-22T14:05:57","slug":"physiopet","status":"publish","type":"page","link":"https:\/\/aldoconsultor.com\/index.php\/physiopet\/","title":{"rendered":"PhysioPet"},"content":{"rendered":"\n<div class=\"wp-block-columns is-layout-flex wp-container-core-columns-is-layout-9d6595d7 wp-block-columns-is-layout-flex\">\n<div class=\"wp-block-column is-layout-flow wp-block-column-is-layout-flow\" style=\"flex-basis:10%\"><\/div>\n\n\n\n<div class=\"wp-block-column is-layout-flow wp-block-column-is-layout-flow\" style=\"flex-basis:80%\">\n<p class=\"has-text-align-center has-cyan-bluish-gray-color has-text-color has-link-color has-medium-font-size wp-elements-dcd74a7f19143a74039d92efa17347b1\" style=\"line-height:1.4\"><strong>Dise\u00f1o de marca gr\u00e1fica para la cl\u00ednica veterinaria PhysioPet.<\/strong> Aplicaci\u00f3n de identidad en materiales de comunicaci\u00f3n institucional, carteler\u00eda y en redes sociales.<\/p>\n<\/div>\n\n\n\n<div class=\"wp-block-column is-layout-flow wp-block-column-is-layout-flow\" style=\"flex-basis:10%\"><\/div>\n<\/div>\n\n\n\n<div class=\"wp-block-jetpack-tiled-gallery aligncenter is-style-rectangular\"><div class=\"\"><div class=\"tiled-gallery__gallery\"><div class=\"tiled-gallery__row\"><div class=\"tiled-gallery__col\" style=\"flex-basis:59.41896%\"><figure class=\"tiled-gallery__item\"><img decoding=\"async\" srcset=\"https:\/\/i0.wp.com\/aldoconsultor.com\/wp-content\/uploads\/2024\/12\/PhysioPet_Mesa-de-trabajo-1-copia-3-1024x614.png?strip=info&#038;w=600 600w,https:\/\/i0.wp.com\/aldoconsultor.com\/wp-content\/uploads\/2024\/12\/PhysioPet_Mesa-de-trabajo-1-copia-3-1024x614.png?strip=info&#038;w=900 900w,https:\/\/i0.wp.com\/aldoconsultor.com\/wp-content\/uploads\/2024\/12\/PhysioPet_Mesa-de-trabajo-1-copia-3-1024x614.png?strip=info&#038;w=1200 1200w,https:\/\/i0.wp.com\/aldoconsultor.com\/wp-content\/uploads\/2024\/12\/PhysioPet_Mesa-de-trabajo-1-copia-3-1024x614.png?strip=info&#038;w=1500 1500w,https:\/\/i0.wp.com\/aldoconsultor.com\/wp-content\/uploads\/2024\/12\/PhysioPet_Mesa-de-trabajo-1-copia-3-1024x614.png?strip=info&#038;w=1800 1800w,https:\/\/i0.wp.com\/aldoconsultor.com\/wp-content\/uploads\/2024\/12\/PhysioPet_Mesa-de-trabajo-1-copia-3-1024x614.png?strip=info&#038;w=2000 2000w\" alt=\"\" data-height=\"2500\" data-id=\"3345\" data-link=\"https:\/\/aldoconsultor.com\/index.php\/physiopet\/physiopet_mesa-de-trabajo-1-copia-3\/\" data-url=\"http:\/\/aldoconsultor.com\/wp-content\/uploads\/2024\/12\/PhysioPet_Mesa-de-trabajo-1-copia-3-1024x614.png\" data-width=\"4167\" src=\"https:\/\/i0.wp.com\/aldoconsultor.com\/wp-content\/uploads\/2024\/12\/PhysioPet_Mesa-de-trabajo-1-copia-3-1024x614.png\" data-amp-layout=\"responsive\" tabindex=\"0\" role=\"button\" aria-label=\"Abrir la imagen 1 de 9 en pantalla completa\"\/><\/figure><figure class=\"tiled-gallery__item\"><img decoding=\"async\" srcset=\"https:\/\/i0.wp.com\/aldoconsultor.com\/wp-content\/uploads\/2024\/12\/PhysioPet_Mesa-de-trabajo-1-copia-4-1024x614.png?strip=info&#038;w=600 600w,https:\/\/i0.wp.com\/aldoconsultor.com\/wp-content\/uploads\/2024\/12\/PhysioPet_Mesa-de-trabajo-1-copia-4-1024x614.png?strip=info&#038;w=900 900w,https:\/\/i0.wp.com\/aldoconsultor.com\/wp-content\/uploads\/2024\/12\/PhysioPet_Mesa-de-trabajo-1-copia-4-1024x614.png?strip=info&#038;w=1200 1200w,https:\/\/i0.wp.com\/aldoconsultor.com\/wp-content\/uploads\/2024\/12\/PhysioPet_Mesa-de-trabajo-1-copia-4-1024x614.png?strip=info&#038;w=1500 1500w,https:\/\/i0.wp.com\/aldoconsultor.com\/wp-content\/uploads\/2024\/12\/PhysioPet_Mesa-de-trabajo-1-copia-4-1024x614.png?strip=info&#038;w=1800 1800w,https:\/\/i0.wp.com\/aldoconsultor.com\/wp-content\/uploads\/2024\/12\/PhysioPet_Mesa-de-trabajo-1-copia-4-1024x614.png?strip=info&#038;w=2000 2000w\" alt=\"\" data-height=\"2500\" data-id=\"3344\" data-link=\"https:\/\/aldoconsultor.com\/index.php\/physiopet\/physiopet_mesa-de-trabajo-1-copia-4\/\" data-url=\"http:\/\/aldoconsultor.com\/wp-content\/uploads\/2024\/12\/PhysioPet_Mesa-de-trabajo-1-copia-4-1024x614.png\" data-width=\"4167\" src=\"https:\/\/i0.wp.com\/aldoconsultor.com\/wp-content\/uploads\/2024\/12\/PhysioPet_Mesa-de-trabajo-1-copia-4-1024x614.png\" data-amp-layout=\"responsive\" tabindex=\"0\" role=\"button\" aria-label=\"Abrir la imagen 2 de 9 en pantalla completa\"\/><\/figure><\/div><div class=\"tiled-gallery__col\" style=\"flex-basis:40.58104%\"><figure class=\"tiled-gallery__item\"><img decoding=\"async\" srcset=\"https:\/\/i0.wp.com\/aldoconsultor.com\/wp-content\/uploads\/2024\/12\/flyer_dia_del_animal_2024_Mesa-de-trabajo-1-copia-4-576x1024.jpg?strip=info&#038;w=600 600w,https:\/\/i0.wp.com\/aldoconsultor.com\/wp-content\/uploads\/2024\/12\/flyer_dia_del_animal_2024_Mesa-de-trabajo-1-copia-4-576x1024.jpg?strip=info&#038;w=900 900w,https:\/\/i0.wp.com\/aldoconsultor.com\/wp-content\/uploads\/2024\/12\/flyer_dia_del_animal_2024_Mesa-de-trabajo-1-copia-4-576x1024.jpg?strip=info&#038;w=1200 1200w,https:\/\/i0.wp.com\/aldoconsultor.com\/wp-content\/uploads\/2024\/12\/flyer_dia_del_animal_2024_Mesa-de-trabajo-1-copia-4-576x1024.jpg?strip=info&#038;w=1440 1440w\" alt=\"\" data-height=\"2560\" data-id=\"3351\" data-link=\"https:\/\/aldoconsultor.com\/index.php\/physiopet\/flyer_dia_del_animal_2024_mesa-de-trabajo-1-copia-4\/\" data-url=\"http:\/\/aldoconsultor.com\/wp-content\/uploads\/2024\/12\/flyer_dia_del_animal_2024_Mesa-de-trabajo-1-copia-4-576x1024.jpg\" data-width=\"1440\" src=\"https:\/\/i0.wp.com\/aldoconsultor.com\/wp-content\/uploads\/2024\/12\/flyer_dia_del_animal_2024_Mesa-de-trabajo-1-copia-4-576x1024.jpg\" data-amp-layout=\"responsive\" tabindex=\"0\" role=\"button\" aria-label=\"Abrir la imagen 3 de 9 en pantalla completa\"\/><\/figure><\/div><\/div><div class=\"tiled-gallery__row\"><div class=\"tiled-gallery__col\" style=\"flex-basis:53.08529%\"><figure class=\"tiled-gallery__item\"><img decoding=\"async\" srcset=\"https:\/\/i0.wp.com\/aldoconsultor.com\/wp-content\/uploads\/2024\/12\/Imagen-de-WhatsApp-2024-12-11-a-las-15.21.22_1ed5c27d-576x1024.jpg?strip=info&#038;w=600 600w,https:\/\/i0.wp.com\/aldoconsultor.com\/wp-content\/uploads\/2024\/12\/Imagen-de-WhatsApp-2024-12-11-a-las-15.21.22_1ed5c27d-576x1024.jpg?strip=info&#038;w=720 720w\" alt=\"\" data-height=\"1280\" data-id=\"3352\" data-link=\"https:\/\/aldoconsultor.com\/index.php\/physiopet\/imagen-de-whatsapp-2024-12-11-a-las-15-21-22_1ed5c27d\/\" data-url=\"http:\/\/aldoconsultor.com\/wp-content\/uploads\/2024\/12\/Imagen-de-WhatsApp-2024-12-11-a-las-15.21.22_1ed5c27d-576x1024.jpg\" data-width=\"720\" src=\"https:\/\/i0.wp.com\/aldoconsultor.com\/wp-content\/uploads\/2024\/12\/Imagen-de-WhatsApp-2024-12-11-a-las-15.21.22_1ed5c27d-576x1024.jpg\" data-amp-layout=\"responsive\" tabindex=\"0\" role=\"button\" aria-label=\"Abrir la imagen 4 de 9 en pantalla completa\"\/><\/figure><\/div><div class=\"tiled-gallery__col\" style=\"flex-basis:46.91471%\"><figure class=\"tiled-gallery__item\"><img decoding=\"async\" srcset=\"https:\/\/i0.wp.com\/aldoconsultor.com\/wp-content\/uploads\/2024\/12\/Imagen-de-WhatsApp-2024-12-11-a-las-15.21.22_38ec1091-1024x1024.jpg?strip=info&#038;w=600 600w,https:\/\/i0.wp.com\/aldoconsultor.com\/wp-content\/uploads\/2024\/12\/Imagen-de-WhatsApp-2024-12-11-a-las-15.21.22_38ec1091-1024x1024.jpg?strip=info&#038;w=900 900w,https:\/\/i0.wp.com\/aldoconsultor.com\/wp-content\/uploads\/2024\/12\/Imagen-de-WhatsApp-2024-12-11-a-las-15.21.22_38ec1091-1024x1024.jpg?strip=info&#038;w=1080 1080w\" alt=\"\" data-height=\"1080\" data-id=\"3353\" data-link=\"https:\/\/aldoconsultor.com\/index.php\/physiopet\/imagen-de-whatsapp-2024-12-11-a-las-15-21-22_38ec1091\/\" data-url=\"http:\/\/aldoconsultor.com\/wp-content\/uploads\/2024\/12\/Imagen-de-WhatsApp-2024-12-11-a-las-15.21.22_38ec1091-1024x1024.jpg\" data-width=\"1080\" src=\"https:\/\/i0.wp.com\/aldoconsultor.com\/wp-content\/uploads\/2024\/12\/Imagen-de-WhatsApp-2024-12-11-a-las-15.21.22_38ec1091-1024x1024.jpg\" data-amp-layout=\"responsive\" tabindex=\"0\" role=\"button\" aria-label=\"Abrir la imagen 5 de 9 en pantalla completa\"\/><\/figure><figure class=\"tiled-gallery__item\"><img decoding=\"async\" srcset=\"https:\/\/i0.wp.com\/aldoconsultor.com\/wp-content\/uploads\/2024\/12\/278089831_319209203638515_5929955157609554999_n-1024x1024.png?strip=info&#038;w=600 600w,https:\/\/i0.wp.com\/aldoconsultor.com\/wp-content\/uploads\/2024\/12\/278089831_319209203638515_5929955157609554999_n-1024x1024.png?strip=info&#038;w=900 900w,https:\/\/i0.wp.com\/aldoconsultor.com\/wp-content\/uploads\/2024\/12\/278089831_319209203638515_5929955157609554999_n-1024x1024.png?strip=info&#038;w=1200 1200w,https:\/\/i0.wp.com\/aldoconsultor.com\/wp-content\/uploads\/2024\/12\/278089831_319209203638515_5929955157609554999_n-1024x1024.png?strip=info&#038;w=1500 1500w,https:\/\/i0.wp.com\/aldoconsultor.com\/wp-content\/uploads\/2024\/12\/278089831_319209203638515_5929955157609554999_n-1024x1024.png?strip=info&#038;w=1601 1601w\" alt=\"\" data-height=\"1601\" data-id=\"3356\" data-link=\"https:\/\/aldoconsultor.com\/index.php\/physiopet\/278089831_319209203638515_5929955157609554999_n\/\" data-url=\"http:\/\/aldoconsultor.com\/wp-content\/uploads\/2024\/12\/278089831_319209203638515_5929955157609554999_n-1024x1024.png\" data-width=\"1601\" src=\"https:\/\/i0.wp.com\/aldoconsultor.com\/wp-content\/uploads\/2024\/12\/278089831_319209203638515_5929955157609554999_n-1024x1024.png\" data-amp-layout=\"responsive\" tabindex=\"0\" role=\"button\" aria-label=\"Abrir la imagen 6 de 9 en pantalla completa\"\/><\/figure><\/div><\/div><div class=\"tiled-gallery__row\"><div class=\"tiled-gallery__col\" style=\"flex-basis:100.00000%\"><figure class=\"tiled-gallery__item\"><img decoding=\"async\" srcset=\"https:\/\/i0.wp.com\/aldoconsultor.com\/wp-content\/uploads\/2024\/12\/20220128_104543-1024x472.jpg?strip=info&#038;w=600 600w,https:\/\/i0.wp.com\/aldoconsultor.com\/wp-content\/uploads\/2024\/12\/20220128_104543-1024x472.jpg?strip=info&#038;w=900 900w,https:\/\/i0.wp.com\/aldoconsultor.com\/wp-content\/uploads\/2024\/12\/20220128_104543-1024x472.jpg?strip=info&#038;w=1200 1200w,https:\/\/i0.wp.com\/aldoconsultor.com\/wp-content\/uploads\/2024\/12\/20220128_104543-1024x472.jpg?strip=info&#038;w=1500 1500w,https:\/\/i0.wp.com\/aldoconsultor.com\/wp-content\/uploads\/2024\/12\/20220128_104543-1024x472.jpg?strip=info&#038;w=1800 1800w,https:\/\/i0.wp.com\/aldoconsultor.com\/wp-content\/uploads\/2024\/12\/20220128_104543-1024x472.jpg?strip=info&#038;w=2000 2000w\" alt=\"\" data-height=\"1181\" data-id=\"3355\" data-link=\"https:\/\/aldoconsultor.com\/index.php\/physiopet\/20220128_104543\/\" data-url=\"http:\/\/aldoconsultor.com\/wp-content\/uploads\/2024\/12\/20220128_104543-1024x472.jpg\" data-width=\"2560\" src=\"https:\/\/i0.wp.com\/aldoconsultor.com\/wp-content\/uploads\/2024\/12\/20220128_104543-1024x472.jpg\" data-amp-layout=\"responsive\" tabindex=\"0\" role=\"button\" aria-label=\"Abrir la imagen 7 de 9 en pantalla completa\"\/><\/figure><\/div><\/div><div class=\"tiled-gallery__row\"><div class=\"tiled-gallery__col\" style=\"flex-basis:49.98783%\"><figure class=\"tiled-gallery__item\"><img decoding=\"async\" srcset=\"https:\/\/i0.wp.com\/aldoconsultor.com\/wp-content\/uploads\/2024\/12\/256802627_231736829052420_6308484691786834819_n-1024x1024.jpg?strip=info&#038;w=600 600w,https:\/\/i0.wp.com\/aldoconsultor.com\/wp-content\/uploads\/2024\/12\/256802627_231736829052420_6308484691786834819_n-1024x1024.jpg?strip=info&#038;w=900 900w,https:\/\/i0.wp.com\/aldoconsultor.com\/wp-content\/uploads\/2024\/12\/256802627_231736829052420_6308484691786834819_n-1024x1024.jpg?strip=info&#038;w=1200 1200w,https:\/\/i0.wp.com\/aldoconsultor.com\/wp-content\/uploads\/2024\/12\/256802627_231736829052420_6308484691786834819_n-1024x1024.jpg?strip=info&#038;w=1201 1201w\" alt=\"\" data-height=\"1201\" data-id=\"3359\" data-link=\"https:\/\/aldoconsultor.com\/index.php\/physiopet\/256802627_231736829052420_6308484691786834819_n\/\" data-url=\"http:\/\/aldoconsultor.com\/wp-content\/uploads\/2024\/12\/256802627_231736829052420_6308484691786834819_n-1024x1024.jpg\" data-width=\"1201\" src=\"https:\/\/i0.wp.com\/aldoconsultor.com\/wp-content\/uploads\/2024\/12\/256802627_231736829052420_6308484691786834819_n-1024x1024.jpg\" data-amp-layout=\"responsive\" tabindex=\"0\" role=\"button\" aria-label=\"Abrir la imagen 8 de 9 en pantalla completa\"\/><\/figure><\/div><div class=\"tiled-gallery__col\" style=\"flex-basis:50.01217%\"><figure class=\"tiled-gallery__item\"><img decoding=\"async\" srcset=\"https:\/\/i0.wp.com\/aldoconsultor.com\/wp-content\/uploads\/2024\/12\/455351948_829098352657303_2159308459220063_n-1024x1024.jpg?strip=info&#038;w=600 600w,https:\/\/i0.wp.com\/aldoconsultor.com\/wp-content\/uploads\/2024\/12\/455351948_829098352657303_2159308459220063_n-1024x1024.jpg?strip=info&#038;w=900 900w,https:\/\/i0.wp.com\/aldoconsultor.com\/wp-content\/uploads\/2024\/12\/455351948_829098352657303_2159308459220063_n-1024x1024.jpg?strip=info&#038;w=1200 1200w,https:\/\/i0.wp.com\/aldoconsultor.com\/wp-content\/uploads\/2024\/12\/455351948_829098352657303_2159308459220063_n-1024x1024.jpg?strip=info&#038;w=1500 1500w,https:\/\/i0.wp.com\/aldoconsultor.com\/wp-content\/uploads\/2024\/12\/455351948_829098352657303_2159308459220063_n-1024x1024.jpg?strip=info&#038;w=1800 1800w,https:\/\/i0.wp.com\/aldoconsultor.com\/wp-content\/uploads\/2024\/12\/455351948_829098352657303_2159308459220063_n-1024x1024.jpg?strip=info&#038;w=2000 2000w\" alt=\"\" data-height=\"2047\" data-id=\"3361\" data-link=\"https:\/\/aldoconsultor.com\/index.php\/physiopet\/455351948_829098352657303_2159308459220063_n\/\" data-url=\"http:\/\/aldoconsultor.com\/wp-content\/uploads\/2024\/12\/455351948_829098352657303_2159308459220063_n-1024x1024.jpg\" data-width=\"2048\" src=\"https:\/\/i0.wp.com\/aldoconsultor.com\/wp-content\/uploads\/2024\/12\/455351948_829098352657303_2159308459220063_n-1024x1024.jpg\" data-amp-layout=\"responsive\" tabindex=\"0\" role=\"button\" aria-label=\"Abrir la imagen 9 de 9 en pantalla completa\"\/><\/figure><\/div><\/div><\/div><\/div><\/div>\n","protected":false},"excerpt":{"rendered":"<p>Dise\u00f1o de marca gr\u00e1fica para la cl\u00ednica veterinaria PhysioPet. Aplicaci\u00f3n de identidad en materiales de comunicaci\u00f3n institucional, carteler\u00eda y en redes sociales.<\/p>\n","protected":false},"author":1,"featured_media":3346,"parent":0,"menu_order":0,"comment_status":"closed","ping_status":"closed","template":"elementor_theme","meta":{"om_disable_all_campaigns":false,"_monsterinsights_skip_tracking":false,"_monsterinsights_sitenote_active":false,"_monsterinsights_sitenote_note":"","_monsterinsights_sitenote_category":0,"jetpack_post_was_ever_published":false,"footnotes":""},"class_list":["post-3343","page","type-page","status-publish","has-post-thumbnail","hentry"],"jetpack_sharing_enabled":true,"jetpack_shortlink":"https:\/\/wp.me\/PalxNB-RV","_links":{"self":[{"href":"https:\/\/aldoconsultor.com\/index.php\/wp-json\/wp\/v2\/pages\/3343","targetHints":{"allow":["GET"]}}],"collection":[{"href":"https:\/\/aldoconsultor.com\/index.php\/wp-json\/wp\/v2\/pages"}],"about":[{"href":"https:\/\/aldoconsultor.com\/index.php\/wp-json\/wp\/v2\/types\/page"}],"author":[{"embeddable":true,"href":"https:\/\/aldoconsultor.com\/index.php\/wp-json\/wp\/v2\/users\/1"}],"replies":[{"embeddable":true,"href":"https:\/\/aldoconsultor.com\/index.php\/wp-json\/wp\/v2\/comments?post=3343"}],"version-history":[{"count":13,"href":"https:\/\/aldoconsultor.com\/index.php\/wp-json\/wp\/v2\/pages\/3343\/revisions"}],"predecessor-version":[{"id":3659,"href":"https:\/\/aldoconsultor.com\/index.php\/wp-json\/wp\/v2\/pages\/3343\/revisions\/3659"}],"wp:featuredmedia":[{"embeddable":true,"href":"https:\/\/aldoconsultor.com\/index.php\/wp-json\/wp\/v2\/media\/3346"}],"wp:attachment":[{"href":"https:\/\/aldoconsultor.com\/index.php\/wp-json\/wp\/v2\/media?parent=3343"}],"curies":[{"name":"wp","href":"https:\/\/api.w.org\/{rel}","templated":true}]}}