{"id":4173,"date":"2025-05-27T19:28:58","date_gmt":"2025-05-27T19:28:58","guid":{"rendered":"https:\/\/aldoconsultor.com\/?page_id=4173"},"modified":"2025-05-27T20:12:36","modified_gmt":"2025-05-27T20:12:36","slug":"sental","status":"publish","type":"page","link":"https:\/\/aldoconsultor.com\/index.php\/sental\/","title":{"rendered":"Sental"},"content":{"rendered":"\n<p class=\"has-text-align-center has-cyan-bluish-gray-color has-text-color has-link-color has-medium-font-size wp-elements-82c20280b305ba092f28f3d4058d76fe\" style=\"line-height:1.4\"><strong>Redise\u00f1o de marca gr\u00e1fica para Sental Paraguay.<\/strong> El trabajo consisti\u00f3 en cambios sutiles a la marca para lograr mejorar su pregnancia y aplicaci\u00f3n. Se entreg\u00f3 el manual de la nueva marca gr\u00e1fica y una plantilla para el dise\u00f1o del sitio web.<\/p>\n\n\n\n<div class=\"wp-block-jetpack-tiled-gallery aligncenter is-style-rectangular\"><div class=\"\"><div class=\"tiled-gallery__gallery\"><div class=\"tiled-gallery__row\"><div class=\"tiled-gallery__col\" style=\"flex-basis:60.32118%\"><figure class=\"tiled-gallery__item\"><img decoding=\"async\" srcset=\"https:\/\/i0.wp.com\/aldoconsultor.com\/wp-content\/uploads\/2025\/05\/tshirts_sental-770x1024.jpg?strip=info&#038;w=600 600w,https:\/\/i0.wp.com\/aldoconsultor.com\/wp-content\/uploads\/2025\/05\/tshirts_sental-770x1024.jpg?strip=info&#038;w=900 900w,https:\/\/i0.wp.com\/aldoconsultor.com\/wp-content\/uploads\/2025\/05\/tshirts_sental-770x1024.jpg?strip=info&#038;w=902 902w\" alt=\"\" data-height=\"1200\" data-id=\"4183\" data-link=\"https:\/\/aldoconsultor.com\/index.php\/sental\/tshirts_sental\/\" data-url=\"http:\/\/aldoconsultor.com\/wp-content\/uploads\/2025\/05\/tshirts_sental-770x1024.jpg\" data-width=\"902\" src=\"https:\/\/i0.wp.com\/aldoconsultor.com\/wp-content\/uploads\/2025\/05\/tshirts_sental-770x1024.jpg\" data-amp-layout=\"responsive\" tabindex=\"0\" role=\"button\" aria-label=\"Abrir la imagen 1 de 6 en pantalla completa\"\/><\/figure><\/div><div class=\"tiled-gallery__col\" style=\"flex-basis:39.67882%\"><figure class=\"tiled-gallery__item\"><img decoding=\"async\" srcset=\"https:\/\/i0.wp.com\/aldoconsultor.com\/wp-content\/uploads\/2025\/05\/laptop_sental-1024x683.jpg?strip=info&#038;w=600 600w,https:\/\/i0.wp.com\/aldoconsultor.com\/wp-content\/uploads\/2025\/05\/laptop_sental-1024x683.jpg?strip=info&#038;w=900 900w,https:\/\/i0.wp.com\/aldoconsultor.com\/wp-content\/uploads\/2025\/05\/laptop_sental-1024x683.jpg?strip=info&#038;w=1200 1200w\" alt=\"\" data-height=\"800\" data-id=\"4180\" data-link=\"https:\/\/aldoconsultor.com\/index.php\/sental\/laptop_sental\/\" data-url=\"http:\/\/aldoconsultor.com\/wp-content\/uploads\/2025\/05\/laptop_sental-1024x683.jpg\" data-width=\"1200\" src=\"https:\/\/i0.wp.com\/aldoconsultor.com\/wp-content\/uploads\/2025\/05\/laptop_sental-1024x683.jpg\" data-amp-layout=\"responsive\" tabindex=\"0\" role=\"button\" aria-label=\"Abrir la imagen 2 de 6 en pantalla completa\"\/><\/figure><figure class=\"tiled-gallery__item\"><img decoding=\"async\" srcset=\"https:\/\/i0.wp.com\/aldoconsultor.com\/wp-content\/uploads\/2025\/05\/fachada_corporativa_sental-1024x683.jpg?strip=info&#038;w=600 600w,https:\/\/i0.wp.com\/aldoconsultor.com\/wp-content\/uploads\/2025\/05\/fachada_corporativa_sental-1024x683.jpg?strip=info&#038;w=900 900w,https:\/\/i0.wp.com\/aldoconsultor.com\/wp-content\/uploads\/2025\/05\/fachada_corporativa_sental-1024x683.jpg?strip=info&#038;w=1200 1200w\" alt=\"\" data-height=\"800\" data-id=\"4182\" data-link=\"https:\/\/aldoconsultor.com\/index.php\/sental\/fachada_corporativa_sental\/\" data-url=\"http:\/\/aldoconsultor.com\/wp-content\/uploads\/2025\/05\/fachada_corporativa_sental-1024x683.jpg\" data-width=\"1200\" src=\"https:\/\/i0.wp.com\/aldoconsultor.com\/wp-content\/uploads\/2025\/05\/fachada_corporativa_sental-1024x683.jpg\" data-amp-layout=\"responsive\" tabindex=\"0\" role=\"button\" aria-label=\"Abrir la imagen 3 de 6 en pantalla completa\"\/><\/figure><figure class=\"tiled-gallery__item\"><img decoding=\"async\" srcset=\"https:\/\/i0.wp.com\/aldoconsultor.com\/wp-content\/uploads\/2025\/05\/papeleria_sental-1024x683.jpg?strip=info&#038;w=600 600w,https:\/\/i0.wp.com\/aldoconsultor.com\/wp-content\/uploads\/2025\/05\/papeleria_sental-1024x683.jpg?strip=info&#038;w=900 900w,https:\/\/i0.wp.com\/aldoconsultor.com\/wp-content\/uploads\/2025\/05\/papeleria_sental-1024x683.jpg?strip=info&#038;w=1200 1200w\" alt=\"\" data-height=\"800\" data-id=\"4181\" data-link=\"https:\/\/aldoconsultor.com\/index.php\/sental\/papeleria_sental\/\" data-url=\"http:\/\/aldoconsultor.com\/wp-content\/uploads\/2025\/05\/papeleria_sental-1024x683.jpg\" data-width=\"1200\" src=\"https:\/\/i0.wp.com\/aldoconsultor.com\/wp-content\/uploads\/2025\/05\/papeleria_sental-1024x683.jpg\" data-amp-layout=\"responsive\" tabindex=\"0\" role=\"button\" aria-label=\"Abrir la imagen 4 de 6 en pantalla completa\"\/><\/figure><\/div><\/div><div class=\"tiled-gallery__row\"><div class=\"tiled-gallery__col\" style=\"flex-basis:100.00000%\"><figure class=\"tiled-gallery__item\"><img decoding=\"async\" srcset=\"https:\/\/i0.wp.com\/aldoconsultor.com\/wp-content\/uploads\/2025\/05\/Mesa-de-trabajo-1-1024x471.png?strip=info&#038;w=600 600w,https:\/\/i0.wp.com\/aldoconsultor.com\/wp-content\/uploads\/2025\/05\/Mesa-de-trabajo-1-1024x471.png?strip=info&#038;w=900 900w,https:\/\/i0.wp.com\/aldoconsultor.com\/wp-content\/uploads\/2025\/05\/Mesa-de-trabajo-1-1024x471.png?strip=info&#038;w=1200 1200w,https:\/\/i0.wp.com\/aldoconsultor.com\/wp-content\/uploads\/2025\/05\/Mesa-de-trabajo-1-1024x471.png?strip=info&#038;w=1366 1366w\" alt=\"\" data-height=\"628\" data-id=\"4184\" data-link=\"https:\/\/aldoconsultor.com\/index.php\/sental\/mesa-de-trabajo-1\/\" data-url=\"http:\/\/aldoconsultor.com\/wp-content\/uploads\/2025\/05\/Mesa-de-trabajo-1-1024x471.png\" data-width=\"1366\" src=\"https:\/\/i0.wp.com\/aldoconsultor.com\/wp-content\/uploads\/2025\/05\/Mesa-de-trabajo-1-1024x471.png\" data-amp-layout=\"responsive\" tabindex=\"0\" role=\"button\" aria-label=\"Abrir la imagen 5 de 6 en pantalla completa\"\/><\/figure><\/div><\/div><div class=\"tiled-gallery__row\"><div class=\"tiled-gallery__col\" style=\"flex-basis:100.00000%\"><figure class=\"tiled-gallery__item\"><img decoding=\"async\" srcset=\"https:\/\/i0.wp.com\/aldoconsultor.com\/wp-content\/uploads\/2025\/05\/Mesa-de-trabajo-2-1024x471.png?strip=info&#038;w=600 600w,https:\/\/i0.wp.com\/aldoconsultor.com\/wp-content\/uploads\/2025\/05\/Mesa-de-trabajo-2-1024x471.png?strip=info&#038;w=900 900w,https:\/\/i0.wp.com\/aldoconsultor.com\/wp-content\/uploads\/2025\/05\/Mesa-de-trabajo-2-1024x471.png?strip=info&#038;w=1200 1200w,https:\/\/i0.wp.com\/aldoconsultor.com\/wp-content\/uploads\/2025\/05\/Mesa-de-trabajo-2-1024x471.png?strip=info&#038;w=1366 1366w\" alt=\"\" data-height=\"628\" data-id=\"4185\" data-link=\"https:\/\/aldoconsultor.com\/index.php\/sental\/mesa-de-trabajo-2\/\" data-url=\"http:\/\/aldoconsultor.com\/wp-content\/uploads\/2025\/05\/Mesa-de-trabajo-2-1024x471.png\" data-width=\"1366\" src=\"https:\/\/i0.wp.com\/aldoconsultor.com\/wp-content\/uploads\/2025\/05\/Mesa-de-trabajo-2-1024x471.png\" data-amp-layout=\"responsive\" tabindex=\"0\" role=\"button\" aria-label=\"Abrir la imagen 6 de 6 en pantalla completa\"\/><\/figure><\/div><\/div><\/div><\/div><\/div>\n\n\n\n<figure class=\"wp-block-jetpack-image-compare\"><div class=\"juxtapose\" data-mode=\"horizontal\"><img data-recalc-dims=\"1\" fetchpriority=\"high\" decoding=\"async\" id=\"4186\" src=\"https:\/\/i0.wp.com\/aldoconsultor.com\/wp-content\/uploads\/2025\/05\/comparativo_sental_Mesa-de-trabajo-1.png?resize=525%2C371&#038;ssl=1\" alt=\"\" width=\"525\" height=\"371\" class=\"image-compare__image-before\"\/><img data-recalc-dims=\"1\" decoding=\"async\" id=\"4187\" src=\"https:\/\/i0.wp.com\/aldoconsultor.com\/wp-content\/uploads\/2025\/05\/comparativo_sental_Mesa-de-trabajo-1-copia.png?resize=525%2C371&#038;ssl=1\" alt=\"\" width=\"525\" height=\"371\" class=\"image-compare__image-after\"\/><\/div><\/figure>\n","protected":false},"excerpt":{"rendered":"<p>Redise\u00f1o de marca gr\u00e1fica para Sental Paraguay. El trabajo consisti\u00f3 en cambios sutiles a la marca para lograr mejorar su pregnancia y aplicaci\u00f3n. Se entreg\u00f3 el manual de la nueva marca gr\u00e1fica y una plantilla para el dise\u00f1o del sitio web.<\/p>\n","protected":false},"author":1,"featured_media":4193,"parent":0,"menu_order":0,"comment_status":"closed","ping_status":"closed","template":"","meta":{"om_disable_all_campaigns":false,"_monsterinsights_skip_tracking":false,"_monsterinsights_sitenote_active":false,"_monsterinsights_sitenote_note":"","_monsterinsights_sitenote_category":0,"jetpack_post_was_ever_published":false,"footnotes":""},"class_list":["post-4173","page","type-page","status-publish","has-post-thumbnail","hentry"],"jetpack_sharing_enabled":true,"jetpack_shortlink":"https:\/\/wp.me\/PalxNB-15j","_links":{"self":[{"href":"https:\/\/aldoconsultor.com\/index.php\/wp-json\/wp\/v2\/pages\/4173","targetHints":{"allow":["GET"]}}],"collection":[{"href":"https:\/\/aldoconsultor.com\/index.php\/wp-json\/wp\/v2\/pages"}],"about":[{"href":"https:\/\/aldoconsultor.com\/index.php\/wp-json\/wp\/v2\/types\/page"}],"author":[{"embeddable":true,"href":"https:\/\/aldoconsultor.com\/index.php\/wp-json\/wp\/v2\/users\/1"}],"replies":[{"embeddable":true,"href":"https:\/\/aldoconsultor.com\/index.php\/wp-json\/wp\/v2\/comments?post=4173"}],"version-history":[{"count":5,"href":"https:\/\/aldoconsultor.com\/index.php\/wp-json\/wp\/v2\/pages\/4173\/revisions"}],"predecessor-version":[{"id":4189,"href":"https:\/\/aldoconsultor.com\/index.php\/wp-json\/wp\/v2\/pages\/4173\/revisions\/4189"}],"wp:featuredmedia":[{"embeddable":true,"href":"https:\/\/aldoconsultor.com\/index.php\/wp-json\/wp\/v2\/media\/4193"}],"wp:attachment":[{"href":"https:\/\/aldoconsultor.com\/index.php\/wp-json\/wp\/v2\/media?parent=4173"}],"curies":[{"name":"wp","href":"https:\/\/api.w.org\/{rel}","templated":true}]}}